{"id":1100,"date":"2015-06-17T18:14:37","date_gmt":"2015-06-17T16:14:37","guid":{"rendered":"http:\/\/import.themovation.com\/bellevue\/chalet\/home-1\/"},"modified":"2026-04-21T15:48:42","modified_gmt":"2026-04-21T13:48:42","slug":"location-de-gites-de-vacances-a-pornic-gites-de-croix-aubin","status":"publish","type":"page","link":"http:\/\/gite-location-pornic.com\/en\/","title":{"rendered":"La Croix Aubin cottages &#8211; rent an 3*house  in Pornic for holidays"},"content":{"rendered":"","protected":false},"excerpt":{"rendered":"","protected":false},"author":3,"featured_media":0,"parent":0,"menu_order":-1,"comment_status":"closed","ping_status":"closed","template":"","meta":[],"yoast_head":"<!-- This site is optimized with the Yoast SEO plugin v14.7 - https:\/\/yoast.com\/wordpress\/plugins\/seo\/ -->\n<title>Location de g\u00eetes de vacances \u00e0 Pornic - G\u00eetes de la croix Aubin<\/title>\n<meta name=\"description\" content=\"location de gites pour vos vacances \u00e0 Pornic sur la c\u00f4te altantique en loire atlantique 44. G\u00eetes \u00e0 louer pour 2 \u00e0 8 personnes enti\u00e8rement \u00e9quip\u00e9s.\" \/>\n<meta name=\"robots\" content=\"index, follow\" \/>\n<meta name=\"googlebot\" content=\"index, follow, max-snippet:-1, max-image-preview:large, max-video-preview:-1\" \/>\n<meta name=\"bingbot\" content=\"index, follow, max-snippet:-1, max-image-preview:large, max-video-preview:-1\" \/>\n<link rel=\"canonical\" href=\"http:\/\/gite-location-pornic.com\/\" \/>\n<meta property=\"og:locale\" content=\"en_US\" \/>\n<meta property=\"og:type\" content=\"article\" \/>\n<meta property=\"og:title\" content=\"[:fr]Les G\u00eetes de la Croix Aubin - Location de maisons de vacances 3* \u00e0 Pornic[:en]Location de g\u00eetes de vacances \u00e0 Pornic - G\u00eetes de la croix Aubin[:]\" \/>\n<meta property=\"og:description\" content=\"{:fr}Location de 3 maisons de vacances labellis\u00e9es 3* \u00e0 Pornic (44210). Jardin, terrasse, parc de loisirs... Mer, campagne. Profiter d&#039;offres de derni\u00e8re minute.{:en}location de gites pour vos vacances \u00e0 Pornic sur la c\u00f4te altantique en loire atlantique 44. G\u00eetes \u00e0 louer pour 2 \u00e0 8 personnes enti\u00e8rement \u00e9quip\u00e9s.{:}\" \/>\n<meta property=\"og:url\" content=\"http:\/\/gite-location-pornic.com\/\" \/>\n<meta property=\"og:site_name\" content=\"G\u00eetes de la croix Aubin\" \/>\n<meta property=\"article:modified_time\" content=\"2026-04-21T13:48:42+00:00\" \/>\n<meta property=\"og:image\" content=\"http:\/\/gite-location-pornic.com\/wp-content\/uploads\/2015\/06\/location-gites-pornic-vacances.jpg\" \/>\n<meta name=\"twitter:card\" content=\"summary\" \/>\n<script type=\"application\/ld+json\" class=\"yoast-schema-graph\">{\"@context\":\"https:\/\/schema.org\",\"@graph\":[{\"@type\":\"Organization\",\"@id\":\"http:\/\/gite-location-pornic.com\/en\/#organization\",\"name\":\"SCI Allais - Les G\\u00eetes de la Croix Aubin\",\"url\":\"http:\/\/gite-location-pornic.com\/en\/\",\"sameAs\":[],\"logo\":{\"@type\":\"ImageObject\",\"@id\":\"http:\/\/gite-location-pornic.com\/en\/#logo\",\"inLanguage\":\"en-US\",\"url\":\"http:\/\/gite-location-pornic.com\/wp-content\/uploads\/2016\/03\/logo-les-gites-de-la-croix-aubin-web.png\",\"width\":691,\"height\":400,\"caption\":\"SCI Allais - Les G\\u00eetes de la Croix Aubin\"},\"image\":{\"@id\":\"http:\/\/gite-location-pornic.com\/en\/#logo\"}},{\"@type\":\"WebSite\",\"@id\":\"http:\/\/gite-location-pornic.com\/en\/#website\",\"url\":\"http:\/\/gite-location-pornic.com\/en\/\",\"name\":\"G\\u00eetes de la croix Aubin\",\"description\":\"Location de g\\u00eetes et maisons de vacances \\u00e0 Pornic\",\"publisher\":{\"@id\":\"http:\/\/gite-location-pornic.com\/en\/#organization\"},\"potentialAction\":[{\"@type\":\"SearchAction\",\"target\":\"http:\/\/gite-location-pornic.com\/en\/?s={search_term_string}\",\"query-input\":\"required name=search_term_string\"}],\"inLanguage\":\"en-US\"},{\"@type\":\"ImageObject\",\"@id\":\"http:\/\/gite-location-pornic.com\/#primaryimage\",\"inLanguage\":\"en-US\",\"url\":\"http:\/\/gite-location-pornic.com\/wp-content\/uploads\/2015\/06\/location-gites-pornic-vacances.jpg\",\"width\":550,\"height\":413},{\"@type\":\"WebPage\",\"@id\":\"http:\/\/gite-location-pornic.com\/#webpage\",\"url\":\"http:\/\/gite-location-pornic.com\/\",\"name\":\"[:fr]Les G\\u00eetes de la Croix Aubin - Location de maisons de vacances 3* \\u00e0 Pornic[:en]Location de g\\u00eetes de vacances \\u00e0 Pornic - G\\u00eetes de la croix Aubin[:]\",\"isPartOf\":{\"@id\":\"http:\/\/gite-location-pornic.com\/en\/#website\"},\"primaryImageOfPage\":{\"@id\":\"http:\/\/gite-location-pornic.com\/#primaryimage\"},\"datePublished\":\"2015-06-17T16:14:37+00:00\",\"dateModified\":\"2026-04-21T13:48:42+00:00\",\"description\":\"{:fr}Location de 3 maisons de vacances labellis\\u00e9es 3* \\u00e0 Pornic (44210). Jardin, terrasse, parc de loisirs... Mer, campagne. Profiter d'offres de derni\\u00e8re minute.{:en}location de gites pour vos vacances \\u00e0 Pornic sur la c\\u00f4te altantique en loire atlantique 44. G\\u00eetes \\u00e0 louer pour 2 \\u00e0 8 personnes enti\\u00e8rement \\u00e9quip\\u00e9s.{:}\",\"inLanguage\":\"en-US\",\"potentialAction\":[{\"@type\":\"ReadAction\",\"target\":[\"http:\/\/gite-location-pornic.com\/\"]}]}]}<\/script>\n<!-- \/ Yoast SEO plugin. -->","_links":{"self":[{"href":"http:\/\/gite-location-pornic.com\/en\/wp-json\/wp\/v2\/pages\/1100"}],"collection":[{"href":"http:\/\/gite-location-pornic.com\/en\/wp-json\/wp\/v2\/pages"}],"about":[{"href":"http:\/\/gite-location-pornic.com\/en\/wp-json\/wp\/v2\/types\/page"}],"author":[{"embeddable":true,"href":"http:\/\/gite-location-pornic.com\/en\/wp-json\/wp\/v2\/users\/3"}],"replies":[{"embeddable":true,"href":"http:\/\/gite-location-pornic.com\/en\/wp-json\/wp\/v2\/comments?post=1100"}],"version-history":[{"count":394,"href":"http:\/\/gite-location-pornic.com\/en\/wp-json\/wp\/v2\/pages\/1100\/revisions"}],"predecessor-version":[{"id":3383,"href":"http:\/\/gite-location-pornic.com\/en\/wp-json\/wp\/v2\/pages\/1100\/revisions\/3383"}],"wp:attachment":[{"href":"http:\/\/gite-location-pornic.com\/en\/wp-json\/wp\/v2\/media?parent=1100"}],"curies":[{"name":"wp","href":"https:\/\/api.w.org\/{rel}","templated":true}]}}