{"id":1190,"date":"2016-03-30T19:13:41","date_gmt":"2016-03-30T17:13:41","guid":{"rendered":"http:\/\/gite-location-pornic.com\/?page_id=1190"},"modified":"2016-07-08T13:30:58","modified_gmt":"2016-07-08T11:30:58","slug":"les-avis-de-nos-visiteurs","status":"publish","type":"page","link":"http:\/\/gite-location-pornic.com\/en\/les-avis-de-nos-visiteurs\/","title":{"rendered":"Guest Review"},"content":{"rendered":"","protected":false},"excerpt":{"rendered":"","protected":false},"author":2,"featured_media":0,"parent":0,"menu_order":0,"comment_status":"closed","ping_status":"closed","template":"","meta":[],"yoast_head":"<!-- This site is optimized with the Yoast SEO plugin v14.7 - https:\/\/yoast.com\/wordpress\/plugins\/seo\/ -->\n<title>Guest Review - G\u00eetes de la croix Aubin<\/title>\n<meta name=\"description\" content=\"(Fran\u00e7ais) Les G\u00eetes de la croix Aubin, location de g\u00eetes pour vos vacances \u00e0 Pornic en Loire-Atlantique France, consultez les avis de nos visiteurs.\" \/>\n<meta name=\"robots\" content=\"index, follow\" \/>\n<meta name=\"googlebot\" content=\"index, follow, max-snippet:-1, max-image-preview:large, max-video-preview:-1\" \/>\n<meta name=\"bingbot\" content=\"index, follow, max-snippet:-1, max-image-preview:large, max-video-preview:-1\" \/>\n<link rel=\"canonical\" href=\"http:\/\/gite-location-pornic.com\/en\/les-avis-de-nos-visiteurs\/\" \/>\n<meta property=\"og:locale\" content=\"en_US\" \/>\n<meta property=\"og:type\" content=\"article\" \/>\n<meta property=\"og:title\" content=\"Guest Review - G\u00eetes de la croix Aubin\" \/>\n<meta property=\"og:description\" content=\"(Fran\u00e7ais) Les G\u00eetes de la croix Aubin, location de g\u00eetes pour vos vacances \u00e0 Pornic en Loire-Atlantique France, consultez les avis de nos visiteurs.\" \/>\n<meta property=\"og:url\" content=\"http:\/\/gite-location-pornic.com\/en\/les-avis-de-nos-visiteurs\/\" \/>\n<meta property=\"og:site_name\" content=\"G\u00eetes de la croix Aubin\" \/>\n<meta property=\"article:modified_time\" content=\"2016-07-08T11:30:58+00:00\" \/>\n<meta property=\"og:image\" content=\"http:\/\/1154\" \/>\n<meta name=\"twitter:card\" content=\"summary\" \/>\n<script type=\"application\/ld+json\" class=\"yoast-schema-graph\">{\"@context\":\"https:\/\/schema.org\",\"@graph\":[{\"@type\":\"Organization\",\"@id\":\"http:\/\/gite-location-pornic.com\/en\/#organization\",\"name\":\"SCI Allais - Les G\\u00eetes de la Croix Aubin\",\"url\":\"http:\/\/gite-location-pornic.com\/en\/\",\"sameAs\":[],\"logo\":{\"@type\":\"ImageObject\",\"@id\":\"http:\/\/gite-location-pornic.com\/en\/#logo\",\"inLanguage\":\"en-US\",\"url\":\"http:\/\/gite-location-pornic.com\/wp-content\/uploads\/2016\/03\/logo-les-gites-de-la-croix-aubin-web.png\",\"width\":691,\"height\":400,\"caption\":\"SCI Allais - Les G\\u00eetes de la Croix Aubin\"},\"image\":{\"@id\":\"http:\/\/gite-location-pornic.com\/en\/#logo\"}},{\"@type\":\"WebSite\",\"@id\":\"http:\/\/gite-location-pornic.com\/en\/#website\",\"url\":\"http:\/\/gite-location-pornic.com\/en\/\",\"name\":\"G\\u00eetes de la croix Aubin\",\"description\":\"Location de g\\u00eetes et maisons de vacances \\u00e0 Pornic\",\"publisher\":{\"@id\":\"http:\/\/gite-location-pornic.com\/en\/#organization\"},\"potentialAction\":[{\"@type\":\"SearchAction\",\"target\":\"http:\/\/gite-location-pornic.com\/en\/?s={search_term_string}\",\"query-input\":\"required name=search_term_string\"}],\"inLanguage\":\"en-US\"},{\"@type\":\"ImageObject\",\"@id\":\"http:\/\/gite-location-pornic.com\/en\/les-avis-de-nos-visiteurs\/#primaryimage\",\"inLanguage\":\"en-US\",\"url\":\"1154\"},{\"@type\":\"WebPage\",\"@id\":\"http:\/\/gite-location-pornic.com\/en\/les-avis-de-nos-visiteurs\/#webpage\",\"url\":\"http:\/\/gite-location-pornic.com\/en\/les-avis-de-nos-visiteurs\/\",\"name\":\"Guest Review - G\\u00eetes de la croix Aubin\",\"isPartOf\":{\"@id\":\"http:\/\/gite-location-pornic.com\/en\/#website\"},\"primaryImageOfPage\":{\"@id\":\"http:\/\/gite-location-pornic.com\/en\/les-avis-de-nos-visiteurs\/#primaryimage\"},\"datePublished\":\"2016-03-30T17:13:41+00:00\",\"dateModified\":\"2016-07-08T11:30:58+00:00\",\"description\":\"(Fran\\u00e7ais) Les G\\u00eetes de la croix Aubin, location de g\\u00eetes pour vos vacances \\u00e0 Pornic en Loire-Atlantique France, consultez les avis de nos visiteurs.\",\"inLanguage\":\"en-US\",\"potentialAction\":[{\"@type\":\"ReadAction\",\"target\":[\"http:\/\/gite-location-pornic.com\/en\/les-avis-de-nos-visiteurs\/\"]}]}]}<\/script>\n<!-- \/ Yoast SEO plugin. -->","_links":{"self":[{"href":"http:\/\/gite-location-pornic.com\/en\/wp-json\/wp\/v2\/pages\/1190"}],"collection":[{"href":"http:\/\/gite-location-pornic.com\/en\/wp-json\/wp\/v2\/pages"}],"about":[{"href":"http:\/\/gite-location-pornic.com\/en\/wp-json\/wp\/v2\/types\/page"}],"author":[{"embeddable":true,"href":"http:\/\/gite-location-pornic.com\/en\/wp-json\/wp\/v2\/users\/2"}],"replies":[{"embeddable":true,"href":"http:\/\/gite-location-pornic.com\/en\/wp-json\/wp\/v2\/comments?post=1190"}],"version-history":[{"count":2,"href":"http:\/\/gite-location-pornic.com\/en\/wp-json\/wp\/v2\/pages\/1190\/revisions"}],"predecessor-version":[{"id":1514,"href":"http:\/\/gite-location-pornic.com\/en\/wp-json\/wp\/v2\/pages\/1190\/revisions\/1514"}],"wp:attachment":[{"href":"http:\/\/gite-location-pornic.com\/en\/wp-json\/wp\/v2\/media?parent=1190"}],"curies":[{"name":"wp","href":"https:\/\/api.w.org\/{rel}","templated":true}]}}