{"id":2,"date":"2016-03-16T15:45:26","date_gmt":"2016-03-16T14:45:26","guid":{"rendered":"http:\/\/gite-location-pornic.com\/?page_id=2"},"modified":"2016-07-08T13:28:00","modified_gmt":"2016-07-08T11:28:00","slug":"mentions-legales","status":"publish","type":"page","link":"http:\/\/gite-location-pornic.com\/en\/mentions-legales\/","title":{"rendered":"Mentions L\u00e9gales"},"content":{"rendered":"<p><\/p>\n<h2>MENTIONS LEGALES<\/h2>\n<p>Merci de lire attentivement les pr\u00e9sentes modalit\u00e9s d&#8217;utilisation du pr\u00e9sent site avant de le parcourir. En vous connectant sur ce site, vous acceptez sans r\u00e9serve les pr\u00e9sentes modalit\u00e9s.<\/p>\n<h3>EDITEUR DU SITE<\/h3>\n<p>AGILEO INFORMATIQUE<br \/>\n9 route des Champs Ronds<br \/>\n44210\u00a0PORNIC<br \/>\nFrance<br \/>\nT\u00e9l. : + 33 (0)6 23 49 16 21<br \/>\n<a title=\"Cr\u00e9ation de sites internet \u00e0 Pornic 44210\" href=\"http:\/\/www.agileo-informatique.com\" target=\"_blank\">http:\/\/www.agileo-informatique.com<\/a><br \/>\nSiret : 518 343 033 000\u00a024<\/p>\n<h3>CONDITIONS D&#8217;UTILISATION<\/h3>\n<p>Le site accessible par les url suivants : http:\/\/gite-location-pornic.com\/ est exploit\u00e9 dans le respect de la l\u00e9gislation fran\u00e7aise. L&#8217;utilisation de ce site est r\u00e9gie par les pr\u00e9sentes conditions g\u00e9n\u00e9rales. En utilisant le site, vous reconnaissez avoir pris connaissance de ces conditions et les avoir accept\u00e9es. Celles-ci pourront \u00eatres modifi\u00e9es \u00e0 tout moment et sans pr\u00e9avis par la soci\u00e9t\u00e9.<\/p>\n<p>La SCI G\u00eete de la croix Aubin ne saurait \u00eatre tenue pour responsable en aucune mani\u00e8re d\u2019une mauvaise utilisation du service.<\/p>\n<h3>RESPONSABLE EDITORIAL<\/h3>\n<p>SCI G\u00eetes de la Croix Aubin<br \/>\nLa Croix Aubin<br \/>\n44210 PORNIC<\/p>\n<p>France<br \/>\nT\u00e9l. : + 33 (0)6 64 90 26 73<\/p>\n<div class=\"entry-content-asset\">\n<blockquote data-secret=\"31p5rr3DWe\" class=\"wp-embedded-content\"><p><a href=\"http:\/\/gite-location-pornic.com\/\">La Croix Aubin cottages &#8211; rent a room in Pornic for holidays<\/a><\/p><\/blockquote>\n<p><iframe class=\"wp-embedded-content\" sandbox=\"allow-scripts\" security=\"restricted\" style=\"position: absolute; clip: rect(1px, 1px, 1px, 1px);\" src=\"http:\/\/gite-location-pornic.com\/embed\/#?secret=31p5rr3DWe\" data-secret=\"31p5rr3DWe\" width=\"600\" height=\"338\" title=\"&laquo;&nbsp;La Croix Aubin cottages &#8211; rent a room in Pornic for holidays&nbsp;&raquo; &#8212; G\u00eetes de la croix Aubin\" frameborder=\"0\" marginwidth=\"0\" marginheight=\"0\" scrolling=\"no\"><\/iframe><\/div>\n<h3>LIMITATION DE RESPONSABILITE<\/h3>\n<p>Les informations contenues sur ce site sont aussi pr\u00e9cises que possibles et le site est p\u00e9riodiquement remis \u00e0 jour, mais peuvent toutefois contenir des inexactitudes, des omissions ou des lacunes. Si vous constatez une lacune, erreur ou ce qui parait \u00eatre un dysfonctionnement, merci de bien vouloir le signaler par email en d\u00e9crivant le probl\u00e8me de la mani\u00e8re la plus pr\u00e9cise possible (page posant probl\u00e8me, action d\u00e9clenchante, type d\u2019ordinateur et de navigateur utilis\u00e9, \u2026).<\/p>\n<p>Tout contenu t\u00e9l\u00e9charg\u00e9 se fait aux risques et p\u00e9rils de l&#8217;utilisateur et sous sa seule responsabilit\u00e9. En cons\u00e9quence, ne saurait \u00eatre tenu responsable d&#8217;un quelconque dommage subi par l&#8217;ordinateur de l&#8217;utilisateur ou d&#8217;une quelconque perte de donn\u00e9es cons\u00e9cutives au t\u00e9l\u00e9chargement.<\/p>\n<p>Les photos sont non contractuelles.<\/p>\n<p>Les liens hypertextes mis en place dans le cadre du pr\u00e9sent site internet en direction d&#8217;autres ressources pr\u00e9sentes sur le r\u00e9seau Internet ne sauraient engager la responsabilit\u00e9 de la SCI G\u00eetes de la croix Aubin.<\/p>\n<h3>LITIGES<\/h3>\n<p>Les pr\u00e9sentes conditions sont r\u00e9gies par les lois fran\u00e7aises et toute contestation ou litiges qui pourraient na\u00eetre de l&#8217;interpr\u00e9tation ou de l&#8217;ex\u00e9cution de celles-ci seront de la comp\u00e9tence exclusive des tribunaux dont d\u00e9pend le si\u00e8ge social de la soci\u00e9t\u00e9 . La langue de r\u00e9f\u00e9rence, pour le r\u00e8glement de contentieux \u00e9ventuels, est le fran\u00e7ais.<\/p>\n<h3>DROIT D&#8217;ACCES<\/h3>\n<p>En application de cette loi, les internautes disposent d\u2019un droit d\u2019acc\u00e8s, de rectification, de modification et de suppression concernant les donn\u00e9es qui les concernent personnellement. Ce droit peut \u00eatre exerc\u00e9 par voie postale aupr\u00e8s de la SCI G\u00eetes de la Croix Aubin 44210 Pornic.<\/p>\n<p>Les informations personnelles collect\u00e9es ne sont en aucun cas confi\u00e9es \u00e0 des tiers hormis pour l\u2019\u00e9ventuelle bonne ex\u00e9cution de la prestation command\u00e9e par l\u2019internaute.<\/p>\n<h3>CONFIDENTIALITE<\/h3>\n<p>Vos donn\u00e9es personnelles sont confidentielles et ne seront en aucun cas communiqu\u00e9es \u00e0 des tiers hormis pour la bonne ex\u00e9cution de la prestation.<\/p>\n<h3>PROPRIETE INTELLECTUELLE<\/h3>\n<p>Tout le contenu du pr\u00e9sent site, incluant, de fa\u00e7on non limitative, les graphismes, images, textes, vid\u00e9os, animations, sons, logos, gifs et ic\u00f4nes ainsi que leur mise en forme sont la propri\u00e9t\u00e9 exclusive de la SCI G\u00eetes de la croix Aubin \u00e0 l&#8217;exception des marques, logos ou contenus appartenant \u00e0 d&#8217;autres soci\u00e9t\u00e9s partenaires ou auteurs.<\/p>\n<p>Toute reproduction, distribution, modification, adaptation, retransmission ou publication, m\u00eame partielle, de ces diff\u00e9rents \u00e9l\u00e9ments est strictement interdite sans l&#8217;accord expr\u00e8s par \u00e9crit de la SCI G\u00eetes de la croix Aubin. Cette repr\u00e9sentation ou reproduction, par quelque proc\u00e9d\u00e9 que ce soit, constitue une contrefa\u00e7on sanctionn\u00e9e par les articles L.3335-2 et suivants du Code de la propri\u00e9t\u00e9 intellectuelle. Le non-respect de cette interdiction constitue une contrefa\u00e7on pouvant engager la responsabilit\u00e9 civile et p\u00e9nale du contrefacteur. En outre, les propri\u00e9taires des contenus copi\u00e9s pourraient intenter une action en justice \u00e0 votre encontre.<\/p>\n<p>La SCI G\u00eetes de la croix Aubin est identiquement propri\u00e9taire des &#8220;droits des producteurs de bases de donn\u00e9es&#8221; vis\u00e9s au Livre III, Titre IV, du Code de la Propri\u00e9t\u00e9 Intellectuelle (loi n\u00b0 98-536 du 1er juillet 1998) relative aux droits d&#8217;auteur et aux bases de donn\u00e9es.<\/p>\n<h3>COPYRIGHT PHOTOS &amp; VID\u00c9OS<\/h3>\n<p>Photos de pornic en page d&#8217;accueil et page &#8220;aux alentours&#8221; par <a href=\"https:\/\/www.flickr.com\/photos\/sybarite48\/\" target=\"_blank\">Daniel Jolivet<\/a> sous<a href=\"https:\/\/creativecommons.org\/licenses\/by\/2.0\/#\" target=\"_blank\"> licence CC by 2.0<\/a> les photos ont \u00e9t\u00e9 recadr\u00e9es pour les besoins du site avec ajout de copyright.<br \/>\nPhotos de Gu\u00e9rande libres de droit fournies par l&#8217;OT de Gu\u00e9rande.<br \/>\nPhotos des locations r\u00e9alis\u00e9es par la SCI G\u00eetes de la Croix Aubin.<br \/>\nPhoto de Noirmoutier par <a href=\"https:\/\/commons.wikimedia.org\/wiki\/File:Ch%C3%A2teau_et_%C3%A9glise_Saint_Philbert_(Noirmoutier-en-l%27ile).JPG\">Aoudot25<\/a> sous licence <a href=\"https:\/\/creativecommons.org\/licenses\/by-sa\/3.0\/deed.en\">CC by SA 3.0<br \/>\nV<\/a>id\u00e9o de la Pornic en page d&#8217;accueil r\u00e9alis\u00e9 par la <a href=\"https:\/\/www.youtube.com\/watch?v=HNpoTHQ2yRw\" target=\"_blank\">&#8220;Happy Team Pornic&#8221; source Youtube<\/a><\/p>\n<h3>HEBERGEUR<\/h3>\n<p>Le pr\u00e9sent site est h\u00e9berg\u00e9 par la soci\u00e9t\u00e9\u00a01&amp;1\u00a0(N\u00b0 SIREN 431 303 775)<br \/>\n7 place de la Gare BP 70109 57201\u00a0Sarreguemines Cedex<br \/>\ntel. 09-70-80-89-11.<\/p>\n<h3>CONDITIONS DE SERVICE<\/h3>\n<p>Ce site est propos\u00e9 en langages HTML5 et CSS3, pour un meilleur confort d&#8217;utilisation et un graphisme plus agr\u00e9able, nous vous recommandons de recourir \u00e0 des navigateurs modernes comme Safari, Firefox, Chrome,&#8230;<\/p>\n<h3 id=\"cookies\">COOKIES<\/h3>\n<p>Pour des besoins de statistiques et d&#8217;affichage, le pr\u00e9sent site utilise des cookies. Il s&#8217;agit de petits fichiers textes stock\u00e9s sur votre disque dur afin d&#8217;enregistrer des donn\u00e9es techniques sur votre navigation. Certaines parties de ce site ne peuvent \u00eatre fonctionnelle sans l\u2019acceptation de cookies.<\/p>\n<h4>Notre site utilise des cookies aux fins suivantes :<\/h4>\n<ul>\n<li>Usage du site : pour nous aider \u00e0 reconna\u00eetre votre navigateur comme celui d&#8217;un visiteur pr\u00e9c\u00e9dent et pour enregistrer les pr\u00e9f\u00e9rences que vous avez d\u00e9termin\u00e9es lors de votre pr\u00e9c\u00e9dente visite sur le Site. Par exemple, nous pouvons enregistrer vos informations de connexion de sorte que vous n&#8217;ayez pas \u00e0 vous connecter \u00e0 chaque fois que vous visitez le Site.<\/li>\n<li>Mesure d\u2019audience : pour suivre les donn\u00e9es statistiques de fr\u00e9quentation du Site (soit l&#8217;utilisation faite du Site par les utilisateurs et pour am\u00e9liorer les services du Site).<\/li>\n<\/ul>\n<h4>Vos choix concernant les cookies<\/h4>\n<p>Vous avez le choix de configurer votre navigateur pour accepter ou rejeter tous les cookies, vous informer quand un cookie est \u00e9mis, sa dur\u00e9e de validit\u00e9 et son contenu, ainsi que vous permettre de refuser son enregistrement dans votre terminal et supprimer vos cookies p\u00e9riodiquement.<\/p>\n<p>Vous pouvez param\u00e9trer votre navigateur Internet pour d\u00e9sactiver les cookies. Notez toutefois que si vous d\u00e9sactivez les cookies, votre nom d\u2019utilisateur ainsi que votre mot de passe ne seront plus sauvegard\u00e9s sur aucun site web.<\/p>\n<p>Pour plus d&#8217;informations relatives aux m\u00e9thodes vous permettant de supprimer et de contr\u00f4ler les cookies stock\u00e9s sur votre ordinateur, consultez le site suivant : http:\/\/www.allaboutcookies.org\/fr\/<\/p>\n<p>Comment configurer votre navigateur :<\/p>\n<ul>\n<li>Firefox :<br \/>\n1. Ouvrez Firefox<br \/>\n2. Appuyez sur la touche \u00ab Alt \u00bb<br \/>\n3. Dans le menu en haut de la page cliquez sur \u00ab Outils \u00bb puis \u00ab Options \u00bb<br \/>\n4. S\u00e9lectionnez l\u2019onglet \u00ab Vie priv\u00e9e \u00bb<br \/>\n5. Dans le menu d\u00e9roulant \u00e0 droite de \u00ab R\u00e8gles de conservation \u00bb, cliquez sur \u00ab utiliser les param\u00e8tres personnalis\u00e9s pour l\u2019historique \u00bb<br \/>\n6. Un peu plus bas, d\u00e9cochez \u00ab Accepter les cookies \u00bb<br \/>\n7. Sauvegardez vos pr\u00e9f\u00e9rences en cliquant sur \u00ab OK \u00bb<\/li>\n<li>Internet Explorer :<br \/>\n1. Ouvrez Internet Explorer<br \/>\n2. Dans le menu \u00ab Outils \u00bb, s\u00e9lectionnez \u00ab Options Internet \u00bb<br \/>\n3. Cliquez sur l\u2019onglet \u00ab Confidentialit\u00e9 \u00bb<br \/>\n4. Cliquez sur \u00ab Avanc\u00e9 \u00bb et d\u00e9cochez \u00ab Accepter \u00bb<br \/>\n5. Sauvegardez vos pr\u00e9f\u00e9rences en cliquant sur \u00ab OK \u00bb<\/li>\n<li>Google Chrome :<br \/>\n1. Ouvrez Google Chrome<br \/>\n2. Cliquez sur l\u2019ic\u00f4ne d\u2019outils dans la barre de menu<br \/>\n3. S\u00e9lectionnez \u00ab Options \u00bb<br \/>\n4. Cliquez sur l\u2019onglet \u00ab Options avanc\u00e9es \u00bb<br \/>\n5. Dans le menu d\u00e9roulant \u00ab Param\u00e8tres des cookies \u00bb, s\u00e9lectionnez \u00ab Bloquer tous les cookies \u00bb<\/li>\n<li>Safari :<br \/>\n1. Ouvrez Safari<br \/>\n2. Dans la barre de menu en haut, cliquez sur \u00ab Safari \u00bb, puis \u00ab Pr\u00e9f\u00e9rences \u00bb<br \/>\n3. S\u00e9lectionnez l\u2019ic\u00f4ne \u00ab S\u00e9curit\u00e9 \u00bb<br \/>\n4. \u00c0 c\u00f4t\u00e9 de \u00ab Accepter les cookies \u00bb, cochez \u00ab Jamais \u00bb<br \/>\n5. Si vous souhaitez voir les cookies qui sont d\u00e9j\u00e0 sauvegard\u00e9s sur votre ordinateur, cliquez sur \u00ab Afficher les cookies \u00bb<\/li>\n<\/ul>\n<p><\/p>","protected":false},"excerpt":{"rendered":"<p>MENTIONS LEGALES Merci de lire attentivement les pr\u00e9sentes modalit\u00e9s d&#8217;utilisation du pr\u00e9sent site avant de le parcourir. En vous connectant sur ce site, vous acceptez sans r\u00e9serve les pr\u00e9sentes modalit\u00e9s. EDITEUR DU SITE AGILEO INFORMATIQUE 9 route des Champs Ronds &hellip; <a href=\"http:\/\/gite-location-pornic.com\/en\/mentions-legales\/\">Read More<\/a><\/p>\n","protected":false},"author":2,"featured_media":0,"parent":0,"menu_order":0,"comment_status":"closed","ping_status":"open","template":"","meta":[],"yoast_head":"<!-- This site is optimized with the Yoast SEO plugin v14.7 - https:\/\/yoast.com\/wordpress\/plugins\/seo\/ -->\n<title>Mentions L\u00e9gales - G\u00eetes de la croix Aubin<\/title>\n<meta name=\"robots\" content=\"index, nofollow\" \/>\n<meta name=\"googlebot\" content=\"index, nofollow, max-snippet:-1, max-image-preview:large, max-video-preview:-1\" \/>\n<meta name=\"bingbot\" content=\"index, nofollow, max-snippet:-1, max-image-preview:large, max-video-preview:-1\" \/>\n<link rel=\"canonical\" href=\"http:\/\/gite-location-pornic.com\/en\/mentions-legales\/\" \/>\n<meta property=\"og:locale\" content=\"en_US\" \/>\n<meta property=\"og:type\" content=\"article\" \/>\n<meta property=\"og:title\" content=\"Mentions L\u00e9gales - G\u00eetes de la croix Aubin\" \/>\n<meta property=\"og:description\" content=\"MENTIONS LEGALES Merci de lire attentivement les pr\u00e9sentes modalit\u00e9s d&#8217;utilisation du pr\u00e9sent site avant de le parcourir. En vous connectant sur ce site, vous acceptez sans r\u00e9serve les pr\u00e9sentes modalit\u00e9s. EDITEUR DU SITE AGILEO INFORMATIQUE 9 route des Champs Ronds &hellip; Read More\" \/>\n<meta property=\"og:url\" content=\"http:\/\/gite-location-pornic.com\/en\/mentions-legales\/\" \/>\n<meta property=\"og:site_name\" content=\"G\u00eetes de la croix Aubin\" \/>\n<meta property=\"article:modified_time\" content=\"2016-07-08T11:28:00+00:00\" \/>\n<meta name=\"twitter:card\" content=\"summary\" \/>\n<script type=\"application\/ld+json\" class=\"yoast-schema-graph\">{\"@context\":\"https:\/\/schema.org\",\"@graph\":[{\"@type\":\"Organization\",\"@id\":\"http:\/\/gite-location-pornic.com\/en\/#organization\",\"name\":\"SCI Allais - Les G\\u00eetes de la Croix Aubin\",\"url\":\"http:\/\/gite-location-pornic.com\/en\/\",\"sameAs\":[],\"logo\":{\"@type\":\"ImageObject\",\"@id\":\"http:\/\/gite-location-pornic.com\/en\/#logo\",\"inLanguage\":\"en-US\",\"url\":\"http:\/\/gite-location-pornic.com\/wp-content\/uploads\/2016\/03\/logo-les-gites-de-la-croix-aubin-web.png\",\"width\":691,\"height\":400,\"caption\":\"SCI Allais - Les G\\u00eetes de la Croix Aubin\"},\"image\":{\"@id\":\"http:\/\/gite-location-pornic.com\/en\/#logo\"}},{\"@type\":\"WebSite\",\"@id\":\"http:\/\/gite-location-pornic.com\/en\/#website\",\"url\":\"http:\/\/gite-location-pornic.com\/en\/\",\"name\":\"G\\u00eetes de la croix Aubin\",\"description\":\"Location de g\\u00eetes et maisons de vacances \\u00e0 Pornic\",\"publisher\":{\"@id\":\"http:\/\/gite-location-pornic.com\/en\/#organization\"},\"potentialAction\":[{\"@type\":\"SearchAction\",\"target\":\"http:\/\/gite-location-pornic.com\/en\/?s={search_term_string}\",\"query-input\":\"required name=search_term_string\"}],\"inLanguage\":\"en-US\"},{\"@type\":\"WebPage\",\"@id\":\"http:\/\/gite-location-pornic.com\/en\/mentions-legales\/#webpage\",\"url\":\"http:\/\/gite-location-pornic.com\/en\/mentions-legales\/\",\"name\":\"Mentions L\\u00e9gales - G\\u00eetes de la croix Aubin\",\"isPartOf\":{\"@id\":\"http:\/\/gite-location-pornic.com\/en\/#website\"},\"datePublished\":\"2016-03-16T14:45:26+00:00\",\"dateModified\":\"2016-07-08T11:28:00+00:00\",\"inLanguage\":\"en-US\",\"potentialAction\":[{\"@type\":\"ReadAction\",\"target\":[\"http:\/\/gite-location-pornic.com\/en\/mentions-legales\/\"]}]}]}<\/script>\n<!-- \/ Yoast SEO plugin. -->","_links":{"self":[{"href":"http:\/\/gite-location-pornic.com\/en\/wp-json\/wp\/v2\/pages\/2"}],"collection":[{"href":"http:\/\/gite-location-pornic.com\/en\/wp-json\/wp\/v2\/pages"}],"about":[{"href":"http:\/\/gite-location-pornic.com\/en\/wp-json\/wp\/v2\/types\/page"}],"author":[{"embeddable":true,"href":"http:\/\/gite-location-pornic.com\/en\/wp-json\/wp\/v2\/users\/2"}],"replies":[{"embeddable":true,"href":"http:\/\/gite-location-pornic.com\/en\/wp-json\/wp\/v2\/comments?post=2"}],"version-history":[{"count":5,"href":"http:\/\/gite-location-pornic.com\/en\/wp-json\/wp\/v2\/pages\/2\/revisions"}],"predecessor-version":[{"id":1544,"href":"http:\/\/gite-location-pornic.com\/en\/wp-json\/wp\/v2\/pages\/2\/revisions\/1544"}],"wp:attachment":[{"href":"http:\/\/gite-location-pornic.com\/en\/wp-json\/wp\/v2\/media?parent=2"}],"curies":[{"name":"wp","href":"https:\/\/api.w.org\/{rel}","templated":true}]}}